{"id":135,"date":"2025-05-02T15:14:25","date_gmt":"2025-05-02T15:14:25","guid":{"rendered":"https:\/\/airportpickup.it\/?page_id=135"},"modified":"2025-05-09T14:58:40","modified_gmt":"2025-05-09T14:58:40","slug":"404-2","status":"publish","type":"page","link":"https:\/\/airportpickup.it\/it\/404-2\/","title":{"rendered":"404"},"content":{"rendered":"<style>.elementor-135 .elementor-element.elementor-element-735eaa70:not(.elementor-motion-effects-element-type-background), .elementor-135 .elementor-element.elementor-element-735eaa70 > .elementor-motion-effects-container > .elementor-motion-effects-layer{background-image:url(\"https:\/\/airportpickup.it\/wp-content\/uploads\/2025\/05\/ChatGPT-Image-1-mag-2025-10_24_27.png\");background-position:center center;background-size:cover;}.elementor-135 .elementor-element.elementor-element-735eaa70 > .elementor-background-overlay{background-color:var( --e-global-color-primary );opacity:0.9;transition:background 0.3s, border-radius 0.3s, opacity 0.3s;}.elementor-135 .elementor-element.elementor-element-735eaa70{transition:background 0.3s, border 0.3s, border-radius 0.3s, box-shadow 0.3s;margin-top:0px;margin-bottom:0px;padding:270px 0px 150px 0px;}.elementor-135 .elementor-element.elementor-element-31e6dc2d.elementor-column > .elementor-widget-wrap{justify-content:center;}.elementor-135 .elementor-element.elementor-element-31e6dc2d > .elementor-element-populated{margin:70px 0px 0px 0px;--e-column-margin-right:0px;--e-column-margin-left:0px;padding:0px 0px 0px 0px;}.elementor-135 .elementor-element.elementor-element-3980c9cb{width:auto;max-width:auto;text-align:center;}.elementor-135 .elementor-element.elementor-element-3980c9cb > .elementor-widget-container{margin:-40px 0px -30px 0px;padding:0px 0px 0px 0px;}.elementor-135 .elementor-element.elementor-element-3980c9cb .elementor-heading-title{font-family:var( --e-global-typography-ed1a34e-font-family ), Sans-serif;font-size:var( --e-global-typography-ed1a34e-font-size );font-weight:var( --e-global-typography-ed1a34e-font-weight );}.elementor-135 .elementor-element.elementor-element-dd8a658{width:auto;max-width:auto;text-align:center;}.elementor-135 .elementor-element.elementor-element-dd8a658 > .elementor-widget-container{margin:-40px 0px -30px 0px;padding:0px 15px 0px 15px;}.elementor-135 .elementor-element.elementor-element-dd8a658 .elementor-heading-title{font-family:var( --e-global-typography-ed1a34e-font-family ), Sans-serif;font-size:var( --e-global-typography-ed1a34e-font-size );font-weight:var( --e-global-typography-ed1a34e-font-weight );-webkit-text-stroke-width:0.5px;stroke-width:0.5px;-webkit-text-stroke-color:var( --e-global-color-accent );stroke:var( --e-global-color-accent );color:var( --e-global-color-783d738 );}.elementor-135 .elementor-element.elementor-element-64295e8f{width:auto;max-width:auto;text-align:center;}.elementor-135 .elementor-element.elementor-element-64295e8f > .elementor-widget-container{margin:-40px 0px -30px 0px;padding:0px 0px 0px 0px;}.elementor-135 .elementor-element.elementor-element-64295e8f .elementor-heading-title{font-family:var( --e-global-typography-ed1a34e-font-family ), Sans-serif;font-size:var( --e-global-typography-ed1a34e-font-size );font-weight:var( --e-global-typography-ed1a34e-font-weight );}.elementor-135 .elementor-element.elementor-element-4b679e42 > .elementor-widget-container{margin:40px 0px 0px 0px;}.elementor-135 .elementor-element.elementor-element-4b679e42{text-align:center;}.elementor-135 .elementor-element.elementor-element-36722fca > .elementor-widget-container{margin:0px 0px -15px 0px;padding:0px 350px 0px 350px;}.elementor-135 .elementor-element.elementor-element-36722fca{text-align:center;}.elementor-135 .elementor-element.elementor-element-6dfc2ba3{width:auto;max-width:auto;}.elementor-135 .elementor-element.elementor-element-6dfc2ba3 .elementor-button-content-wrapper{flex-direction:row;}.elementor-135 .elementor-element.elementor-element-56826006 .elementor-button{background-color:var( --e-global-color-secondary );fill:var( --e-global-color-accent );color:var( --e-global-color-accent );}.elementor-135 .elementor-element.elementor-element-56826006 .elementor-button:hover, .elementor-135 .elementor-element.elementor-element-56826006 .elementor-button:focus{background-color:var( --e-global-color-accent );color:var( --e-global-color-secondary );}.elementor-135 .elementor-element.elementor-element-56826006{width:auto;max-width:auto;}.elementor-135 .elementor-element.elementor-element-56826006 > .elementor-widget-container{padding:0px 0px 0px 40px;}.elementor-135 .elementor-element.elementor-element-56826006 .elementor-button-content-wrapper{flex-direction:row;}.elementor-135 .elementor-element.elementor-element-56826006 .elementor-button:hover svg, .elementor-135 .elementor-element.elementor-element-56826006 .elementor-button:focus svg{fill:var( --e-global-color-secondary );}@media(min-width:1025px){.elementor-135 .elementor-element.elementor-element-735eaa70:not(.elementor-motion-effects-element-type-background), .elementor-135 .elementor-element.elementor-element-735eaa70 > .elementor-motion-effects-container > .elementor-motion-effects-layer{background-attachment:fixed;}}@media(max-width:1024px){.elementor-135 .elementor-element.elementor-element-735eaa70{padding:240px 30px 100px 30px;}.elementor-135 .elementor-element.elementor-element-3980c9cb .elementor-heading-title{font-size:var( --e-global-typography-ed1a34e-font-size );}.elementor-135 .elementor-element.elementor-element-dd8a658 .elementor-heading-title{font-size:var( --e-global-typography-ed1a34e-font-size );}.elementor-135 .elementor-element.elementor-element-64295e8f .elementor-heading-title{font-size:var( --e-global-typography-ed1a34e-font-size );}.elementor-135 .elementor-element.elementor-element-36722fca > .elementor-widget-container{padding:0px 100px 0px 100px;}}@media(max-width:767px){.elementor-135 .elementor-element.elementor-element-735eaa70{padding:210px 20px 100px 20px;}.elementor-135 .elementor-element.elementor-element-3980c9cb .elementor-heading-title{font-size:var( --e-global-typography-ed1a34e-font-size );}.elementor-135 .elementor-element.elementor-element-dd8a658 .elementor-heading-title{font-size:var( --e-global-typography-ed1a34e-font-size );}.elementor-135 .elementor-element.elementor-element-64295e8f .elementor-heading-title{font-size:var( --e-global-typography-ed1a34e-font-size );}.elementor-135 .elementor-element.elementor-element-36722fca > .elementor-widget-container{padding:0px 0px 0px 0px;}.elementor-135 .elementor-element.elementor-element-56826006 > .elementor-widget-container{padding:0px 0px 0px 20px;}}<\/style>\t\t<div data-elementor-type=\"wp-page\" data-elementor-id=\"135\" class=\"elementor elementor-135\">\n\t\t\t\t\t\t<section class=\"elementor-section elementor-top-section elementor-element elementor-element-735eaa70 elementor-section-boxed elementor-section-height-default elementor-section-height-default\" data-id=\"735eaa70\" data-element_type=\"section\" data-settings=\"{&quot;background_background&quot;:&quot;classic&quot;}\">\n\t\t\t\t\t\t\t<div class=\"elementor-background-overlay\"><\/div>\n\t\t\t\t\t\t\t<div class=\"elementor-container elementor-column-gap-default\">\n\t\t\t\t\t<div class=\"elementor-column elementor-col-100 elementor-top-column elementor-element elementor-element-31e6dc2d\" data-id=\"31e6dc2d\" data-element_type=\"column\">\n\t\t\t<div class=\"elementor-widget-wrap elementor-element-populated\">\n\t\t\t\t\t\t<div class=\"elementor-element elementor-element-3980c9cb elementor-widget__width-auto elementor-widget elementor-widget-heading\" data-id=\"3980c9cb\" data-element_type=\"widget\" data-widget_type=\"heading.default\">\n\t\t\t\t<div class=\"elementor-widget-container\">\n\t\t\t\t\t<h2 class=\"elementor-heading-title elementor-size-default\">4<\/h2>\t\t\t\t<\/div>\n\t\t\t\t<\/div>\n\t\t\t\t<div class=\"elementor-element elementor-element-dd8a658 elementor-widget__width-auto elementor-widget elementor-widget-heading\" data-id=\"dd8a658\" data-element_type=\"widget\" data-widget_type=\"heading.default\">\n\t\t\t\t<div class=\"elementor-widget-container\">\n\t\t\t\t\t<h2 class=\"elementor-heading-title elementor-size-default\">0<\/h2>\t\t\t\t<\/div>\n\t\t\t\t<\/div>\n\t\t\t\t<div class=\"elementor-element elementor-element-64295e8f elementor-widget__width-auto elementor-widget elementor-widget-heading\" data-id=\"64295e8f\" data-element_type=\"widget\" data-widget_type=\"heading.default\">\n\t\t\t\t<div class=\"elementor-widget-container\">\n\t\t\t\t\t<h2 class=\"elementor-heading-title elementor-size-default\">4<\/h2>\t\t\t\t<\/div>\n\t\t\t\t<\/div>\n\t\t\t\t<div class=\"elementor-element elementor-element-4b679e42 elementor-widget elementor-widget-heading\" data-id=\"4b679e42\" data-element_type=\"widget\" data-widget_type=\"heading.default\">\n\t\t\t\t<div class=\"elementor-widget-container\">\n\t\t\t\t\t<h2 class=\"elementor-heading-title elementor-size-default\">Pagina non Trovata !!<\/h2>\t\t\t\t<\/div>\n\t\t\t\t<\/div>\n\t\t\t\t<div class=\"elementor-element elementor-element-36722fca elementor-widget elementor-widget-text-editor\" data-id=\"36722fca\" data-element_type=\"widget\" data-widget_type=\"text-editor.default\">\n\t\t\t\t<div class=\"elementor-widget-container\">\n\t\t\t\t\t\t\t\t\t<p>Ci deve essere stato un errore&#8230;forse il navigatore&#8230;qualcuno ha spostao i segnali&#8230;ci siamo distratti&#8230;<\/p><p>La verit\u00e0 \u00e8 che qui non c&#8217;\u00e8 niente<\/p>\t\t\t\t\t\t\t\t<\/div>\n\t\t\t\t<\/div>\n\t\t\t\t<div class=\"elementor-element elementor-element-6dfc2ba3 elementor-widget__width-auto elementor-widget elementor-widget-button\" data-id=\"6dfc2ba3\" data-element_type=\"widget\" data-widget_type=\"button.default\">\n\t\t\t\t<div class=\"elementor-widget-container\">\n\t\t\t\t\t\t\t\t\t<div class=\"elementor-button-wrapper\">\n\t\t\t\t\t<a class=\"elementor-button elementor-button-link elementor-size-sm\" href=\"#\">\n\t\t\t\t\t\t<span class=\"elementor-button-content-wrapper\">\n\t\t\t\t\t\t<span class=\"elementor-button-icon\">\n\t\t\t\t<svg aria-hidden=\"true\" class=\"e-font-icon-svg e-fas-home\" viewbox=\"0 0 576 512\" xmlns=\"http:\/\/www.w3.org\/2000\/svg\"><path d=\"M280.37 148.26L96 300.11V464a16 16 0 0 0 16 16l112.06-.29a16 16 0 0 0 15.92-16V368a16 16 0 0 1 16-16h64a16 16 0 0 1 16 16v95.64a16 16 0 0 0 16 16.05L464 480a16 16 0 0 0 16-16V300L295.67 148.26a12.19 12.19 0 0 0-15.3 0zM571.6 251.47L488 182.56V44.05a12 12 0 0 0-12-12h-56a12 12 0 0 0-12 12v72.61L318.47 43a48 48 0 0 0-61 0L4.34 251.47a12 12 0 0 0-1.6 16.9l25.5 31A12 12 0 0 0 45.15 301l235.22-193.74a12.19 12.19 0 0 1 15.3 0L530.9 301a12 12 0 0 0 16.9-1.6l25.5-31a12 12 0 0 0-1.7-16.93z\"><\/path><\/svg>\t\t\t<\/span>\n\t\t\t\t\t\t\t\t\t<span class=\"elementor-button-text\">Torna alla Home<\/span>\n\t\t\t\t\t<\/span>\n\t\t\t\t\t<\/a>\n\t\t\t\t<\/div>\n\t\t\t\t\t\t\t\t<\/div>\n\t\t\t\t<\/div>\n\t\t\t\t<div class=\"elementor-element elementor-element-56826006 elementor-widget__width-auto elementor-widget elementor-widget-button\" data-id=\"56826006\" data-element_type=\"widget\" data-widget_type=\"button.default\">\n\t\t\t\t<div class=\"elementor-widget-container\">\n\t\t\t\t\t\t\t\t\t<div class=\"elementor-button-wrapper\">\n\t\t\t\t\t<a class=\"elementor-button elementor-button-link elementor-size-sm\" href=\"#\">\n\t\t\t\t\t\t<span class=\"elementor-button-content-wrapper\">\n\t\t\t\t\t\t<span class=\"elementor-button-icon\">\n\t\t\t\t<i aria-hidden=\"true\" class=\"jki jki-reload-light\"><\/i>\t\t\t<\/span>\n\t\t\t\t\t\t\t\t\t<span class=\"elementor-button-text\">Reload<\/span>\n\t\t\t\t\t<\/span>\n\t\t\t\t\t<\/a>\n\t\t\t\t<\/div>\n\t\t\t\t\t\t\t\t<\/div>\n\t\t\t\t<\/div>\n\t\t\t\t\t<\/div>\n\t\t<\/div>\n\t\t\t\t\t<\/div>\n\t\t<\/section>\n\t\t\t\t<\/div>","protected":false},"excerpt":{"rendered":"<p>4 0 4 Pagina non Trovata !! Ci deve essere stato un errore&#8230;forse il navigatore&#8230;qualcuno ha spostao i segnali&#8230;ci siamo distratti&#8230; La verit\u00e0 \u00e8 che qui non c&#8217;\u00e8 niente Torna alla Home Reload<\/p>","protected":false},"author":1,"featured_media":0,"parent":0,"menu_order":0,"comment_status":"closed","ping_status":"closed","template":"elementor_header_footer","meta":{"footnotes":""},"class_list":["post-135","page","type-page","status-publish","hentry"],"_links":{"self":[{"href":"https:\/\/airportpickup.it\/it\/wp-json\/wp\/v2\/pages\/135","targetHints":{"allow":["GET"]}}],"collection":[{"href":"https:\/\/airportpickup.it\/it\/wp-json\/wp\/v2\/pages"}],"about":[{"href":"https:\/\/airportpickup.it\/it\/wp-json\/wp\/v2\/types\/page"}],"author":[{"embeddable":true,"href":"https:\/\/airportpickup.it\/it\/wp-json\/wp\/v2\/users\/1"}],"replies":[{"embeddable":true,"href":"https:\/\/airportpickup.it\/it\/wp-json\/wp\/v2\/comments?post=135"}],"version-history":[{"count":13,"href":"https:\/\/airportpickup.it\/it\/wp-json\/wp\/v2\/pages\/135\/revisions"}],"predecessor-version":[{"id":688,"href":"https:\/\/airportpickup.it\/it\/wp-json\/wp\/v2\/pages\/135\/revisions\/688"}],"wp:attachment":[{"href":"https:\/\/airportpickup.it\/it\/wp-json\/wp\/v2\/media?parent=135"}],"curies":[{"name":"wp","href":"https:\/\/api.w.org\/{rel}","templated":true}]}}